{"id":490,"date":"2026-04-08T17:07:37","date_gmt":"2026-04-08T17:07:37","guid":{"rendered":"https:\/\/mirandaalhama.com\/?page_id=490"},"modified":"2026-04-08T17:57:07","modified_gmt":"2026-04-08T17:57:07","slug":"fragmentos","status":"publish","type":"page","link":"https:\/\/mirandaalhama.com\/index.php\/fragmentos\/","title":{"rendered":"Fragmentos"},"content":{"rendered":"\t\t<div data-elementor-type=\"wp-page\" data-elementor-id=\"490\" class=\"elementor elementor-490\">\n\t\t\t\t<div class=\"elementor-element elementor-element-c8a98da e-flex e-con-boxed e-con e-parent\" data-id=\"c8a98da\" data-element_type=\"container\" data-e-type=\"container\">\n\t\t\t\t\t<div class=\"e-con-inner\">\n\t\t\t\t<div class=\"elementor-element elementor-element-d61cf3f elementor-widget elementor-widget-spacer\" data-id=\"d61cf3f\" data-element_type=\"widget\" data-e-type=\"widget\" data-widget_type=\"spacer.default\">\n\t\t\t\t\t\t\t<div class=\"elementor-spacer\">\n\t\t\t<div class=\"elementor-spacer-inner\"><\/div>\n\t\t<\/div>\n\t\t\t\t\t\t<\/div>\n\t\t\t\t\t<\/div>\n\t\t\t\t<\/div>\n\t\t<div class=\"elementor-element elementor-element-f36c642 e-flex e-con-boxed e-con e-parent\" data-id=\"f36c642\" data-element_type=\"container\" data-e-type=\"container\">\n\t\t\t\t\t<div class=\"e-con-inner\">\n\t\t\t\t<div class=\"elementor-element elementor-element-90ca016 elementor-widget elementor-widget-heading\" data-id=\"90ca016\" data-element_type=\"widget\" data-e-type=\"widget\" data-widget_type=\"heading.default\">\n\t\t\t\t\t<h1 class=\"elementor-heading-title elementor-size-default\">Fragmentos<\/h1>\t\t\t\t<\/div>\n\t\t\t\t<div class=\"elementor-element elementor-element-06c615c elementor-widget elementor-widget-text-editor\" data-id=\"06c615c\" data-element_type=\"widget\" data-e-type=\"widget\" data-widget_type=\"text-editor.default\">\n\t\t\t\t\t\t\t\t\t<p style=\"text-align: center;\">Este es un espacio para los fragmentos que nacen entre historias.<\/p><p style=\"text-align: center;\">Relatos breves, a veces inc\u00f3modos, pero necesarios.<\/p><p style=\"text-align: center;\">Puedes leerlos, interiorizarlos&#8230; y, si lo deseas, compartir lo que te hagan sentir.<\/p>\t\t\t\t\t\t\t\t<\/div>\n\t\t\t\t<div class=\"elementor-element elementor-element-9072067 elementor-grid-eael-col-1 elementor-grid-tablet-eael-col-2 elementor-grid-mobile-eael-col-1 elementor-widget elementor-widget-eael-post-grid\" data-id=\"9072067\" data-element_type=\"widget\" data-e-type=\"widget\" data-settings=\"{&quot;eael_post_grid_columns&quot;:&quot;eael-col-1&quot;,&quot;eael_post_grid_columns_tablet&quot;:&quot;eael-col-2&quot;,&quot;eael_post_grid_columns_mobile&quot;:&quot;eael-col-1&quot;}\" data-widget_type=\"eael-post-grid.default\">\n\t\t\t\t\t<div id=\"eael-post-grid-9072067\" class=\"eael-post-grid-container\">\n            <div class=\"eael-post-grid eael-post-appender eael-post-appender-9072067 eael-post-grid-style-two\" data-layout-mode=\"masonry\"><article class=\"eael-grid-post  eael-post-grid-column eael-pg-post-534 category-uncategorized\" data-id=\"534\">\n    <div class=\"eael-grid-post-holder\">\n        <div class=\"eael-grid-post-holder-inner\"><div class=\"eael-entry-wrapper\"><header class=\"eael-entry-header\"><h2 class=\"eael-entry-title\"><a class=\"eael-grid-post-link\" href=\"https:\/\/mirandaalhama.com\/index.php\/2026\/04\/08\/estoy-bien-o-eso-dicen\/\" title=\"Estoy bien&#8230; o eso dicen\">Estoy bien&#8230; o eso dicen<\/a><\/h2><\/header><div class=\"eael-entry-content\">\n                                <div class=\"eael-grid-post-excerpt\"><p>Estoy bien&#8230; o eso dicen: \u00abEstoy bien.\u00bb Esa es la primera mentira que sali\u00f3 de mi boca. La segunda fue sonre\u00edr cuando me preguntaban qu\u00e9 tal, porque explicar la verdad [&hellip;]<\/p><a href=\"https:\/\/mirandaalhama.com\/index.php\/2026\/04\/08\/estoy-bien-o-eso-dicen\/\" class=\"eael-post-elements-readmore-btn\">Leer Fragmento Completo<\/a><\/div>\n                            <\/div><div class=\"eael-entry-header-after style-two\"><div class=\"eael-entry-meta\"><span class=\"eael-posted-by style-two-footer\"><a href=\"https:\/\/mirandaalhama.com\/index.php\/author\/daranmi_xf2al3hd\/\" title=\"Entradas de Miranda Alhama\" rel=\"author\">Miranda Alhama<\/a><\/span><span class=\"eael-meta-posted-on\"><i class=\"far fa-clock\"><\/i><time datetime=\"08.04.2026\">08.04.2026<\/time><\/span><\/div><\/div><\/div><\/div>\n    <\/div>\n<\/article><article class=\"eael-grid-post  eael-post-grid-column eael-pg-post-472 category-uncategorized\" data-id=\"472\">\n    <div class=\"eael-grid-post-holder\">\n        <div class=\"eael-grid-post-holder-inner\"><div class=\"eael-entry-wrapper\"><header class=\"eael-entry-header\"><h2 class=\"eael-entry-title\"><a class=\"eael-grid-post-link\" href=\"https:\/\/mirandaalhama.com\/index.php\/2026\/03\/20\/la-autora\/\" title=\"El Dolor\">El Dolor<\/a><\/h2><\/header><div class=\"eael-entry-content\">\n                                <div class=\"eael-grid-post-excerpt\"><p>El Dolor: En un principio, el mundo viv\u00eda en paz y armon\u00eda. Todo era puro, et\u00e9reo y sin filo. Las criaturas nac\u00edan y mor\u00edan siguiendo un ciclo constante e inamovible. [&hellip;]<\/p><a href=\"https:\/\/mirandaalhama.com\/index.php\/2026\/03\/20\/la-autora\/\" class=\"eael-post-elements-readmore-btn\">Leer Fragmento Completo<\/a><\/div>\n                            <\/div><div class=\"eael-entry-header-after style-two\"><div class=\"eael-entry-meta\"><span class=\"eael-posted-by style-two-footer\"><a href=\"https:\/\/mirandaalhama.com\/index.php\/author\/daranmi_xf2al3hd\/\" title=\"Entradas de Miranda Alhama\" rel=\"author\">Miranda Alhama<\/a><\/span><span class=\"eael-meta-posted-on\"><i class=\"far fa-clock\"><\/i><time datetime=\"20.03.2026\">20.03.2026<\/time><\/span><\/div><\/div><\/div><\/div>\n    <\/div>\n<\/article><\/div>\n            <div class=\"clearfix\"><\/div>\n        <\/div>\t\t\t\t<\/div>\n\t\t\t\t<div class=\"elementor-element elementor-element-8b041ba elementor-widget elementor-widget-spacer\" data-id=\"8b041ba\" data-element_type=\"widget\" data-e-type=\"widget\" data-widget_type=\"spacer.default\">\n\t\t\t\t\t\t\t<div class=\"elementor-spacer\">\n\t\t\t<div class=\"elementor-spacer-inner\"><\/div>\n\t\t<\/div>\n\t\t\t\t\t\t<\/div>\n\t\t\t\t\t<\/div>\n\t\t\t\t<\/div>\n\t\t\t\t<\/div>\n\t\t","protected":false},"excerpt":{"rendered":"<p>Fragmentos Este es un espacio para los fragmentos que nacen entre historias. Relatos breves, a veces inc\u00f3modos, pero necesarios. Puedes leerlos, interiorizarlos&#8230; y, si lo deseas, compartir lo que te [&hellip;]<\/p>\n","protected":false},"author":1,"featured_media":0,"parent":0,"menu_order":0,"comment_status":"closed","ping_status":"closed","template":"","meta":{"site-sidebar-layout":"no-sidebar","site-content-layout":"","ast-site-content-layout":"full-width-container","site-content-style":"default","site-sidebar-style":"default","ast-global-header-display":"","ast-banner-title-visibility":"","ast-main-header-display":"","ast-hfb-above-header-display":"","ast-hfb-below-header-display":"","ast-hfb-mobile-header-display":"","site-post-title":"disabled","ast-breadcrumbs-content":"","ast-featured-img":"disabled","footer-sml-layout":"","ast-disable-related-posts":"","theme-transparent-header-meta":"","adv-header-id-meta":"","stick-header-meta":"","header-above-stick-meta":"","header-main-stick-meta":"","header-below-stick-meta":"","astra-migrate-meta-layouts":"default","ast-page-background-enabled":"default","ast-page-background-meta":{"desktop":{"background-color":"var(--ast-global-color-5)","background-image":"","background-repeat":"repeat","background-position":"center center","background-size":"auto","background-attachment":"scroll","background-type":"","background-media":"","overlay-type":"","overlay-color":"","overlay-opacity":"","overlay-gradient":""},"tablet":{"background-color":"","background-image":"","background-repeat":"repeat","background-position":"center center","background-size":"auto","background-attachment":"scroll","background-type":"","background-media":"","overlay-type":"","overlay-color":"","overlay-opacity":"","overlay-gradient":""},"mobile":{"background-color":"","background-image":"","background-repeat":"repeat","background-position":"center center","background-size":"auto","background-attachment":"scroll","background-type":"","background-media":"","overlay-type":"","overlay-color":"","overlay-opacity":"","overlay-gradient":""}},"ast-content-background-meta":{"desktop":{"background-color":"var(--ast-global-color-4)","background-image":"","background-repeat":"repeat","background-position":"center center","background-size":"auto","background-attachment":"scroll","background-type":"","background-media":"","overlay-type":"","overlay-color":"","overlay-opacity":"","overlay-gradient":""},"tablet":{"background-color":"var(--ast-global-color-4)","background-image":"","background-repeat":"repeat","background-position":"center center","background-size":"auto","background-attachment":"scroll","background-type":"","background-media":"","overlay-type":"","overlay-color":"","overlay-opacity":"","overlay-gradient":""},"mobile":{"background-color":"var(--ast-global-color-4)","background-image":"","background-repeat":"repeat","background-position":"center center","background-size":"auto","background-attachment":"scroll","background-type":"","background-media":"","overlay-type":"","overlay-color":"","overlay-opacity":"","overlay-gradient":""}},"footnotes":""},"class_list":["post-490","page","type-page","status-publish","hentry"],"yoast_head":"<!-- This site is optimized with the Yoast SEO plugin v27.4 - https:\/\/yoast.com\/product\/yoast-seo-wordpress\/ -->\n<title>Fragmentos - Miranda Alhama | Escritora de Almas Fragmentadas<\/title>\n<meta name=\"robots\" content=\"index, follow, max-snippet:-1, max-image-preview:large, max-video-preview:-1\" \/>\n<link rel=\"canonical\" href=\"https:\/\/mirandaalhama.com\/index.php\/fragmentos\/\" \/>\n<meta property=\"og:locale\" content=\"es_ES\" \/>\n<meta property=\"og:type\" content=\"article\" \/>\n<meta property=\"og:title\" content=\"Fragmentos - Miranda Alhama | Escritora de Almas Fragmentadas\" \/>\n<meta property=\"og:description\" content=\"Fragmentos Este es un espacio para los fragmentos que nacen entre historias. Relatos breves, a veces inc\u00f3modos, pero necesarios. Puedes leerlos, interiorizarlos&#8230; y, si lo deseas, compartir lo que te [&hellip;]\" \/>\n<meta property=\"og:url\" content=\"https:\/\/mirandaalhama.com\/index.php\/fragmentos\/\" \/>\n<meta property=\"og:site_name\" content=\"Miranda Alhama | Escritora de Almas Fragmentadas\" \/>\n<meta property=\"article:modified_time\" content=\"2026-04-08T17:57:07+00:00\" \/>\n<meta name=\"twitter:card\" content=\"summary_large_image\" \/>\n<meta name=\"twitter:label1\" content=\"Tiempo de lectura\" \/>\n\t<meta name=\"twitter:data1\" content=\"1 minuto\" \/>\n<script type=\"application\/ld+json\" class=\"yoast-schema-graph\">{\"@context\":\"https:\\\/\\\/schema.org\",\"@graph\":[{\"@type\":\"WebPage\",\"@id\":\"https:\\\/\\\/mirandaalhama.com\\\/index.php\\\/fragmentos\\\/\",\"url\":\"https:\\\/\\\/mirandaalhama.com\\\/index.php\\\/fragmentos\\\/\",\"name\":\"Fragmentos - Miranda Alhama | Escritora de Almas Fragmentadas\",\"isPartOf\":{\"@id\":\"https:\\\/\\\/mirandaalhama.com\\\/#website\"},\"datePublished\":\"2026-04-08T17:07:37+00:00\",\"dateModified\":\"2026-04-08T17:57:07+00:00\",\"breadcrumb\":{\"@id\":\"https:\\\/\\\/mirandaalhama.com\\\/index.php\\\/fragmentos\\\/#breadcrumb\"},\"inLanguage\":\"es\",\"potentialAction\":[{\"@type\":\"ReadAction\",\"target\":[\"https:\\\/\\\/mirandaalhama.com\\\/index.php\\\/fragmentos\\\/\"]}]},{\"@type\":\"BreadcrumbList\",\"@id\":\"https:\\\/\\\/mirandaalhama.com\\\/index.php\\\/fragmentos\\\/#breadcrumb\",\"itemListElement\":[{\"@type\":\"ListItem\",\"position\":1,\"name\":\"Portada\",\"item\":\"https:\\\/\\\/mirandaalhama.com\\\/\"},{\"@type\":\"ListItem\",\"position\":2,\"name\":\"Fragmentos\"}]},{\"@type\":\"WebSite\",\"@id\":\"https:\\\/\\\/mirandaalhama.com\\\/#website\",\"url\":\"https:\\\/\\\/mirandaalhama.com\\\/\",\"name\":\"Miranda Alhama | Escritora de Almas Fragmentadas\",\"description\":\"\",\"potentialAction\":[{\"@type\":\"SearchAction\",\"target\":{\"@type\":\"EntryPoint\",\"urlTemplate\":\"https:\\\/\\\/mirandaalhama.com\\\/?s={search_term_string}\"},\"query-input\":{\"@type\":\"PropertyValueSpecification\",\"valueRequired\":true,\"valueName\":\"search_term_string\"}}],\"inLanguage\":\"es\"}]}<\/script>\n<!-- \/ Yoast SEO plugin. -->","yoast_head_json":{"title":"Fragmentos - Miranda Alhama | Escritora de Almas Fragmentadas","robots":{"index":"index","follow":"follow","max-snippet":"max-snippet:-1","max-image-preview":"max-image-preview:large","max-video-preview":"max-video-preview:-1"},"canonical":"https:\/\/mirandaalhama.com\/index.php\/fragmentos\/","og_locale":"es_ES","og_type":"article","og_title":"Fragmentos - Miranda Alhama | Escritora de Almas Fragmentadas","og_description":"Fragmentos Este es un espacio para los fragmentos que nacen entre historias. Relatos breves, a veces inc\u00f3modos, pero necesarios. Puedes leerlos, interiorizarlos&#8230; y, si lo deseas, compartir lo que te [&hellip;]","og_url":"https:\/\/mirandaalhama.com\/index.php\/fragmentos\/","og_site_name":"Miranda Alhama | Escritora de Almas Fragmentadas","article_modified_time":"2026-04-08T17:57:07+00:00","twitter_card":"summary_large_image","twitter_misc":{"Tiempo de lectura":"1 minuto"},"schema":{"@context":"https:\/\/schema.org","@graph":[{"@type":"WebPage","@id":"https:\/\/mirandaalhama.com\/index.php\/fragmentos\/","url":"https:\/\/mirandaalhama.com\/index.php\/fragmentos\/","name":"Fragmentos - Miranda Alhama | Escritora de Almas Fragmentadas","isPartOf":{"@id":"https:\/\/mirandaalhama.com\/#website"},"datePublished":"2026-04-08T17:07:37+00:00","dateModified":"2026-04-08T17:57:07+00:00","breadcrumb":{"@id":"https:\/\/mirandaalhama.com\/index.php\/fragmentos\/#breadcrumb"},"inLanguage":"es","potentialAction":[{"@type":"ReadAction","target":["https:\/\/mirandaalhama.com\/index.php\/fragmentos\/"]}]},{"@type":"BreadcrumbList","@id":"https:\/\/mirandaalhama.com\/index.php\/fragmentos\/#breadcrumb","itemListElement":[{"@type":"ListItem","position":1,"name":"Portada","item":"https:\/\/mirandaalhama.com\/"},{"@type":"ListItem","position":2,"name":"Fragmentos"}]},{"@type":"WebSite","@id":"https:\/\/mirandaalhama.com\/#website","url":"https:\/\/mirandaalhama.com\/","name":"Miranda Alhama | Escritora de Almas Fragmentadas","description":"","potentialAction":[{"@type":"SearchAction","target":{"@type":"EntryPoint","urlTemplate":"https:\/\/mirandaalhama.com\/?s={search_term_string}"},"query-input":{"@type":"PropertyValueSpecification","valueRequired":true,"valueName":"search_term_string"}}],"inLanguage":"es"}]}},"_links":{"self":[{"href":"https:\/\/mirandaalhama.com\/index.php\/wp-json\/wp\/v2\/pages\/490","targetHints":{"allow":["GET"]}}],"collection":[{"href":"https:\/\/mirandaalhama.com\/index.php\/wp-json\/wp\/v2\/pages"}],"about":[{"href":"https:\/\/mirandaalhama.com\/index.php\/wp-json\/wp\/v2\/types\/page"}],"author":[{"embeddable":true,"href":"https:\/\/mirandaalhama.com\/index.php\/wp-json\/wp\/v2\/users\/1"}],"replies":[{"embeddable":true,"href":"https:\/\/mirandaalhama.com\/index.php\/wp-json\/wp\/v2\/comments?post=490"}],"version-history":[{"count":15,"href":"https:\/\/mirandaalhama.com\/index.php\/wp-json\/wp\/v2\/pages\/490\/revisions"}],"predecessor-version":[{"id":549,"href":"https:\/\/mirandaalhama.com\/index.php\/wp-json\/wp\/v2\/pages\/490\/revisions\/549"}],"wp:attachment":[{"href":"https:\/\/mirandaalhama.com\/index.php\/wp-json\/wp\/v2\/media?parent=490"}],"curies":[{"name":"wp","href":"https:\/\/api.w.org\/{rel}","templated":true}]}}